{"id":7919,"date":"2024-06-28T09:33:17","date_gmt":"2024-06-28T12:33:17","guid":{"rendered":"https:\/\/portalmoderno.com.br\/new\/?page_id=7919"},"modified":"2024-07-17T12:39:01","modified_gmt":"2024-07-17T15:39:01","slug":"comunicado","status":"publish","type":"page","link":"https:\/\/portalmoderno.com.br\/new\/index.php\/comunicado\/","title":{"rendered":"comunicado"},"content":{"rendered":"\t\t<div data-elementor-type=\"wp-post\" data-elementor-id=\"7919\" class=\"elementor elementor-7919\">\n\t\t\t\t\t\t<section class=\"has_eae_slider elementor-section elementor-top-section elementor-element elementor-element-237f021 elementor-section-full_width elementor-section-height-default elementor-section-height-default exad-glass-effect-no exad-sticky-section-no\" data-eae-slider=\"96975\" data-id=\"237f021\" data-element_type=\"section\" data-e-type=\"section\">\n\t\t\t\t\t\t<div class=\"elementor-container elementor-column-gap-default\">\n\t\t\t\t\t<div class=\"has_eae_slider elementor-column elementor-col-100 elementor-top-column elementor-element elementor-element-e0ce390 exad-glass-effect-no exad-sticky-section-no\" data-eae-slider=\"78938\" data-id=\"e0ce390\" data-element_type=\"column\" data-e-type=\"column\">\n\t\t\t<div class=\"elementor-widget-wrap elementor-element-populated\">\n\t\t\t\t\t\t<div class=\"elementor-element elementor-element-fe5e8e8 exad-sticky-section-no exad-glass-effect-no elementor-widget elementor-widget-image\" data-id=\"fe5e8e8\" data-element_type=\"widget\" data-e-type=\"widget\" data-widget_type=\"image.default\">\n\t\t\t\t<div class=\"elementor-widget-container\">\n\t\t\t\t\t\t\t\t\t\t\t\t\t\t\t<img fetchpriority=\"high\" decoding=\"async\" width=\"1900\" height=\"500\" src=\"https:\/\/portalmoderno.com.br\/new\/wp-content\/uploads\/2024\/06\/banner-001.png\" class=\"attachment-full size-full wp-image-7932\" alt=\"\" srcset=\"https:\/\/portalmoderno.com.br\/new\/wp-content\/uploads\/2024\/06\/banner-001.png 1900w, https:\/\/portalmoderno.com.br\/new\/wp-content\/uploads\/2024\/06\/banner-001.png 300w, https:\/\/portalmoderno.com.br\/new\/wp-content\/uploads\/2024\/06\/banner-001.png 1024w, https:\/\/portalmoderno.com.br\/new\/wp-content\/uploads\/2024\/06\/banner-001.png 768w, https:\/\/portalmoderno.com.br\/new\/wp-content\/uploads\/2024\/06\/banner-001.png 1536w, https:\/\/portalmoderno.com.br\/new\/wp-content\/uploads\/2024\/06\/banner-001.png 1280w\" sizes=\"(max-width: 640px) 100vw, 640px\" \/>\t\t\t\t\t\t\t\t\t\t\t\t\t\t\t<\/div>\n\t\t\t\t<\/div>\n\t\t\t\t\t<\/div>\n\t\t<\/div>\n\t\t\t\t\t<\/div>\n\t\t<\/section>\n\t\t\t\t<section class=\"has_eae_slider elementor-section elementor-top-section elementor-element elementor-element-c2f35de elementor-section-boxed elementor-section-height-default elementor-section-height-default exad-glass-effect-no exad-sticky-section-no\" data-eae-slider=\"20704\" data-id=\"c2f35de\" data-element_type=\"section\" data-e-type=\"section\">\n\t\t\t\t\t\t<div class=\"elementor-container elementor-column-gap-default\">\n\t\t\t\t\t<div class=\"has_eae_slider elementor-column elementor-col-66 elementor-top-column elementor-element elementor-element-d2ce22c exad-glass-effect-no exad-sticky-section-no\" data-eae-slider=\"34398\" data-id=\"d2ce22c\" data-element_type=\"column\" data-e-type=\"column\">\n\t\t\t<div class=\"elementor-widget-wrap elementor-element-populated\">\n\t\t\t\t\t\t<div class=\"elementor-element elementor-element-53e2a88 exad-sticky-section-no exad-glass-effect-no elementor-widget elementor-widget-heading\" data-id=\"53e2a88\" data-element_type=\"widget\" data-e-type=\"widget\" data-widget_type=\"heading.default\">\n\t\t\t\t<div class=\"elementor-widget-container\">\n\t\t\t\t\t<h2 class=\"elementor-heading-title elementor-size-default\">Comunicado Importante: Parcelamento de Material Did\u00e1tico 2025<\/h2>\t\t\t\t<\/div>\n\t\t\t\t<\/div>\n\t\t\t\t<div class=\"elementor-element elementor-element-8e16862 exad-sticky-section-no exad-glass-effect-no elementor-widget elementor-widget-text-editor\" data-id=\"8e16862\" data-element_type=\"widget\" data-e-type=\"widget\" data-widget_type=\"text-editor.default\">\n\t\t\t\t<div class=\"elementor-widget-container\">\n\t\t\t\t\t\t\t\t\t<p>MODERNO-Centro de Ensino, Educa\u00e7\u00e3o e Cultura<br \/>Informa\u00e7\u00f5es sobre o Parcelamento do Material Did\u00e1tico\/2025<br \/>Ol\u00e1 senhor(a) pai, m\u00e3e e\/ou respons\u00e1vel, seja bem-vindo!<br \/>Venha fazer parte da nossa Institui\u00e7\u00e3o de Ensino.<br \/>O Col\u00e9gio MODERNO-Centro de Ensino, Educa\u00e7\u00e3o e Cultura, sente-se honrado com a sua presen\u00e7a.<\/p><p>Informamos que a quem optar por estar conosco, estamos oferecendo uma excelente <strong>oportunidade de<\/strong><strong><em> parcelamento em 6 (seis) vezes para o pagamento do material did\u00e1tico 2025<\/em><\/strong><strong>:<\/strong> POSITIVO (apostilas b\u00e1sicas), PLENO (Compet\u00eancias Socioemocionais) e PES-English-Cambridge University (do Maternal II ao 9\u00ba ano).<\/p><p>Salientamos que cada um (pai, m\u00e3e e\/ou respons\u00e1vel), deve sentir-se livre para aderir ou n\u00e3o a este parcelamento, que dever\u00e1 ser pago na Tesouraria da Escola at\u00e9 o dia 10 de cada m\u00eas, nas seguintes datas: 10\/07, 10\/08, 10\/09, 10\/10, 10\/11 e 10\/12 do presente ano.<\/p><p><strong>Ressaltamos que a<\/strong><strong> <em>aceita\u00e7\u00e3o desta proposta n\u00e3o implica na matr\u00edcula<\/em> <em>imediata do aluno<\/em>.<\/strong> O pai, a m\u00e3e e\/ou respons\u00e1vel deve comparecer \u00e0 escola para os procedimentos formais de matr\u00edcula, que ter\u00e1 <strong><em>in\u00edcio a partir do dia 01\/12\/2024.<\/em><\/strong><\/p><p><strong>Reiteramos que<\/strong><strong> <em>qualquer pessoa interessada<\/em> <\/strong><strong>em matricular seu(sua) filho(a)<\/strong> <strong>na nossa Escola, tamb\u00e9m poder\u00e1 aderir ao <\/strong><strong><em>parcelamento do<\/em><\/strong> <strong><em>material did\u00e1tico<\/em><\/strong> <strong><em>POSITIVO, PLENO e PES-2025<\/em><\/strong>, nas mesmas condi\u00e7\u00f5es apresentadas. O interessado deve dirigir-se \u00e0 Secretaria Escolar para emiss\u00e3o dos boletos, de modo que o novo estudante possa receber o mesmo benef\u00edcio em valores e prazo para pagamento.<\/p><p>Em caso de d\u00favidas, por favor, procure a Secretaria Escolar da Institui\u00e7\u00e3o no hor\u00e1rio comercial (de segunda a sexta, das 8h \u00e0s 12h e das 14h \u00e0s 18h; aos s\u00e1bados, das 8h \u00e0s 12h), ou entre em contato pelos telefones abaixo.<\/p><p>Atenciosamente, Dire\u00e7\u00e3o Geral<\/p>\t\t\t\t\t\t\t\t<\/div>\n\t\t\t\t<\/div>\n\t\t\t\t<div class=\"elementor-element elementor-element-0d5e461 elementor-widget__width-initial exad-sticky-section-no exad-glass-effect-no elementor-widget elementor-widget-text-editor\" data-id=\"0d5e461\" data-element_type=\"widget\" data-e-type=\"widget\" data-widget_type=\"text-editor.default\">\n\t\t\t\t<div class=\"elementor-widget-container\">\n\t\t\t\t\t\t\t\t\t<div class=\"flex-shrink-0 flex flex-col relative items-end\"><div><p><strong>Entre em Contato:<\/strong><\/p><\/div><\/div><div class=\"group\/conversation-turn relative flex w-full min-w-0 flex-col agent-turn\"><div class=\"flex-col gap-1 md:gap-3\"><div class=\"flex flex-grow flex-col max-w-full\"><div class=\"min-h-[20px] text-message flex flex-col items-start whitespace-pre-wrap break-words [.text-message+&amp;]:mt-5 juice:w-full juice:items-end overflow-x-auto gap-2\" dir=\"auto\" data-message-author-role=\"assistant\" data-message-id=\"e3648c08-2921-4b6b-99c6-0e2690668f8d\"><div class=\"flex w-full flex-col gap-1 juice:empty:hidden juice:first:pt-[3px]\"><div class=\"markdown prose w-full break-words dark:prose-invert light\"><p><strong style=\"color: var( --e-global-color-text ); font-family: var( --e-global-typography-text-font-family ), Sans-serif;\">Telefone:<\/strong><span style=\"color: var( --e-global-color-text ); font-family: var( --e-global-typography-text-font-family ), Sans-serif; font-weight: var( --e-global-typography-text-font-weight );\"> (96) 3313-6042 \/ 98109-2142 (WhatsApp)<\/span><\/p><p><strong style=\"color: var( --e-global-color-text ); font-family: var( --e-global-typography-text-font-family ), Sans-serif;\">Hor\u00e1rio Comercial:<\/strong><span style=\"color: var( --e-global-color-text ); font-family: var( --e-global-typography-text-font-family ), Sans-serif; font-weight: var( --e-global-typography-text-font-weight );\"> Segunda a sexta, das 8h \u00e0s 12h e das 14h \u00e0s 18h; S\u00e1bados, das 8h \u00e0s 12h.<\/span><\/p><\/div><\/div><\/div><\/div><\/div><\/div>\t\t\t\t\t\t\t\t<\/div>\n\t\t\t\t<\/div>\n\t\t\t\t\t<\/div>\n\t\t<\/div>\n\t\t\t\t<div class=\"has_eae_slider elementor-column elementor-col-33 elementor-top-column elementor-element elementor-element-20aa9de exad-glass-effect-no exad-sticky-section-no\" data-eae-slider=\"92151\" data-id=\"20aa9de\" data-element_type=\"column\" data-e-type=\"column\">\n\t\t\t<div class=\"elementor-widget-wrap elementor-element-populated\">\n\t\t\t\t\t\t<div class=\"elementor-element elementor-element-3c1a099 elementor-widget__width-initial exad-sticky-section-no exad-glass-effect-no elementor-widget elementor-widget-image\" data-id=\"3c1a099\" data-element_type=\"widget\" data-e-type=\"widget\" data-widget_type=\"image.default\">\n\t\t\t\t<div class=\"elementor-widget-container\">\n\t\t\t\t\t\t\t\t\t\t\t\t\t\t\t\t<a href=\"https:\/\/portalmoderno.com.br\/new\/wp-content\/uploads\/2024\/07\/proposta-1080.png\" data-elementor-open-lightbox=\"yes\" data-elementor-lightbox-title=\"proposta-1080\" data-e-action-hash=\"#elementor-action%3Aaction%3Dlightbox%26settings%3DeyJpZCI6Nzk1OCwidXJsIjoiaHR0cHM6XC9cL3BvcnRhbG1vZGVybm8uY29tLmJyXC9uZXdcL3dwLWNvbnRlbnRcL3VwbG9hZHNcLzIwMjRcLzA3XC9wcm9wb3N0YS0xMDgwLnBuZyJ9\">\n\t\t\t\t\t\t\t<img decoding=\"async\" width=\"1080\" height=\"1350\" data-src=\"https:\/\/portalmoderno.com.br\/new\/wp-content\/uploads\/2024\/07\/proposta-1080.png\" class=\"attachment-full size-full wp-image-7958 lazyload\" alt=\"\" data-srcset=\"https:\/\/portalmoderno.com.br\/new\/wp-content\/uploads\/2024\/07\/proposta-1080.png 1080w, https:\/\/portalmoderno.com.br\/new\/wp-content\/uploads\/2024\/07\/proposta-1080.png 240w, https:\/\/portalmoderno.com.br\/new\/wp-content\/uploads\/2024\/07\/proposta-1080.png 819w, https:\/\/portalmoderno.com.br\/new\/wp-content\/uploads\/2024\/07\/proposta-1080.png 768w\" data-sizes=\"(max-width: 640px) 100vw, 640px\" src=\"data:image\/svg+xml;base64,PHN2ZyB3aWR0aD0iMSIgaGVpZ2h0PSIxIiB4bWxucz0iaHR0cDovL3d3dy53My5vcmcvMjAwMC9zdmciPjwvc3ZnPg==\" style=\"--smush-placeholder-width: 1080px; --smush-placeholder-aspect-ratio: 1080\/1350;\" \/>\t\t\t\t\t\t\t\t<\/a>\n\t\t\t\t\t\t\t\t\t\t\t\t\t\t\t<\/div>\n\t\t\t\t<\/div>\n\t\t\t\t<div class=\"elementor-element elementor-element-d3302cf elementor-widget__width-initial exad-sticky-section-no exad-glass-effect-no elementor-widget elementor-widget-text-editor\" data-id=\"d3302cf\" data-element_type=\"widget\" data-e-type=\"widget\" data-widget_type=\"text-editor.default\">\n\t\t\t\t<div class=\"elementor-widget-container\">\n\t\t\t\t\t\t\t\t\t<div class=\"flex-shrink-0 flex flex-col relative items-end\"><div><div class=\"pt-0.5 juice:pt-0\"><p><strong>Informa\u00e7\u00f5es Importantes:<\/strong><\/p><\/div><\/div><\/div><div class=\"group\/conversation-turn relative flex w-full min-w-0 flex-col agent-turn\"><div class=\"flex-col gap-1 md:gap-3\"><div class=\"flex flex-grow flex-col max-w-full\"><div class=\"min-h-[20px] text-message flex flex-col items-start whitespace-pre-wrap break-words [.text-message+&amp;]:mt-5 juice:w-full juice:items-end overflow-x-auto gap-2\" dir=\"auto\" data-message-author-role=\"assistant\" data-message-id=\"e3648c08-2921-4b6b-99c6-0e2690668f8d\"><div class=\"flex w-full flex-col gap-1 juice:empty:hidden juice:first:pt-[3px]\"><div class=\"markdown prose w-full break-words dark:prose-invert light\"><p><strong>Materiais Inclu\u00eddos:<\/strong> Material did\u00e1tico 2025 do POSITIVO, PLENO (Compet\u00eancias Socioemocionais) e PES English &#8211; Cambridge University (Maternal II ao 9\u00ba ano).<\/p><p><strong>Parcelamento:<\/strong> 6x no boleto (10\/07, 10\/08, 10\/09, 10\/10, 10\/11 e 10\/12).<\/p><p><strong>Formas de Pagamento:<\/strong> Cart\u00e3o de cr\u00e9dito ou d\u00e9bito.<\/p><p><strong>Matr\u00edcula:<\/strong> Procedimentos formais de matr\u00edcula a partir de 01\/12\/2024.<\/p><\/div><\/div><\/div><\/div><\/div><\/div>\t\t\t\t\t\t\t\t<\/div>\n\t\t\t\t<\/div>\n\t\t\t\t\t<\/div>\n\t\t<\/div>\n\t\t\t\t\t<\/div>\n\t\t<\/section>\n\t\t\t\t<section class=\"has_eae_slider elementor-section elementor-top-section elementor-element elementor-element-913bb4d elementor-section-boxed elementor-section-height-default elementor-section-height-default exad-glass-effect-no exad-sticky-section-no\" data-eae-slider=\"61735\" data-id=\"913bb4d\" data-element_type=\"section\" data-e-type=\"section\">\n\t\t\t\t\t\t<div class=\"elementor-container elementor-column-gap-default\">\n\t\t\t\t\t<div class=\"has_eae_slider elementor-column elementor-col-66 elementor-top-column elementor-element elementor-element-10f4198 exad-glass-effect-no exad-sticky-section-no\" data-eae-slider=\"20377\" data-id=\"10f4198\" data-element_type=\"column\" data-e-type=\"column\">\n\t\t\t<div class=\"elementor-widget-wrap\">\n\t\t\t\t\t\t\t<\/div>\n\t\t<\/div>\n\t\t\t\t<div class=\"has_eae_slider elementor-column elementor-col-33 elementor-top-column elementor-element elementor-element-b58536f exad-glass-effect-no exad-sticky-section-no\" data-eae-slider=\"41797\" data-id=\"b58536f\" data-element_type=\"column\" data-e-type=\"column\">\n\t\t\t<div class=\"elementor-widget-wrap\">\n\t\t\t\t\t\t\t<\/div>\n\t\t<\/div>\n\t\t\t\t\t<\/div>\n\t\t<\/section>\n\t\t\t\t<\/div>\n\t\t","protected":false},"excerpt":{"rendered":"<p>Comunicado Importante: Parcelamento de Material Did\u00e1tico 2025 MODERNO-Centro de Ensino, Educa\u00e7\u00e3o e CulturaInforma\u00e7\u00f5es sobre o Parcelamento do Material Did\u00e1tico\/2025Ol\u00e1 senhor(a) pai, m\u00e3e e\/ou respons\u00e1vel, seja bem-vindo!Venha fazer parte da nossa Institui\u00e7\u00e3o de Ensino.O Col\u00e9gio MODERNO-Centro de Ensino, Educa\u00e7\u00e3o e Cultura, sente-se honrado com a sua presen\u00e7a. Informamos que a quem [&hellip;]<\/p>\n","protected":false},"author":41,"featured_media":0,"parent":0,"menu_order":0,"comment_status":"closed","ping_status":"closed","template":"elementor_header_footer","meta":{"footnotes":""},"class_list":["post-7919","page","type-page","status-publish","hentry"],"jetpack_sharing_enabled":true,"_links":{"self":[{"href":"https:\/\/portalmoderno.com.br\/new\/index.php\/wp-json\/wp\/v2\/pages\/7919","targetHints":{"allow":["GET"]}}],"collection":[{"href":"https:\/\/portalmoderno.com.br\/new\/index.php\/wp-json\/wp\/v2\/pages"}],"about":[{"href":"https:\/\/portalmoderno.com.br\/new\/index.php\/wp-json\/wp\/v2\/types\/page"}],"author":[{"embeddable":true,"href":"https:\/\/portalmoderno.com.br\/new\/index.php\/wp-json\/wp\/v2\/users\/41"}],"replies":[{"embeddable":true,"href":"https:\/\/portalmoderno.com.br\/new\/index.php\/wp-json\/wp\/v2\/comments?post=7919"}],"version-history":[{"count":46,"href":"https:\/\/portalmoderno.com.br\/new\/index.php\/wp-json\/wp\/v2\/pages\/7919\/revisions"}],"predecessor-version":[{"id":8123,"href":"https:\/\/portalmoderno.com.br\/new\/index.php\/wp-json\/wp\/v2\/pages\/7919\/revisions\/8123"}],"wp:attachment":[{"href":"https:\/\/portalmoderno.com.br\/new\/index.php\/wp-json\/wp\/v2\/media?parent=7919"}],"curies":[{"name":"wp","href":"https:\/\/api.w.org\/{rel}","templated":true}]}}