{"id":72,"date":"2020-08-16T11:31:07","date_gmt":"2020-08-16T14:31:07","guid":{"rendered":"http:\/\/portalmoderno.com.br\/new\/?page_id=72"},"modified":"2023-02-07T12:00:01","modified_gmt":"2023-02-07T14:00:01","slug":"ensino-medio","status":"publish","type":"page","link":"https:\/\/portalmoderno.com.br\/new\/index.php\/ensino-medio\/","title":{"rendered":"Ensino M\u00e9dio"},"content":{"rendered":"\t\t<div data-elementor-type=\"wp-post\" data-elementor-id=\"72\" class=\"elementor elementor-72\">\n\t\t\t\t\t\t<section class=\"has_eae_slider elementor-section elementor-top-section elementor-element elementor-element-78c4e04 elementor-section-full_width elementor-section-height-min-height elementor-section-content-middle elementor-section-height-default elementor-section-items-middle exad-glass-effect-no exad-sticky-section-no\" data-eae-slider=\"51694\" data-id=\"78c4e04\" data-element_type=\"section\" data-e-type=\"section\" data-settings=\"{&quot;background_background&quot;:&quot;classic&quot;}\">\n\t\t\t\t\t\t<div class=\"elementor-container elementor-column-gap-default\">\n\t\t\t\t\t<div class=\"has_eae_slider elementor-column elementor-col-25 elementor-top-column elementor-element elementor-element-8e7d8b7 exad-glass-effect-no exad-sticky-section-no\" data-eae-slider=\"85199\" data-id=\"8e7d8b7\" data-element_type=\"column\" data-e-type=\"column\">\n\t\t\t<div class=\"elementor-widget-wrap\">\n\t\t\t\t\t\t\t<\/div>\n\t\t<\/div>\n\t\t\t\t<div class=\"has_eae_slider elementor-column elementor-col-25 elementor-top-column elementor-element elementor-element-163769c exad-glass-effect-no exad-sticky-section-no\" data-eae-slider=\"8401\" data-id=\"163769c\" data-element_type=\"column\" data-e-type=\"column\">\n\t\t\t<div class=\"elementor-widget-wrap elementor-element-populated\">\n\t\t\t\t\t\t<div class=\"elementor-element elementor-element-df01c28 exad-sticky-section-no exad-glass-effect-no elementor-widget elementor-widget-heading\" data-id=\"df01c28\" data-element_type=\"widget\" data-e-type=\"widget\" data-widget_type=\"heading.default\">\n\t\t\t\t<div class=\"elementor-widget-container\">\n\t\t\t\t\t<h2 class=\"elementor-heading-title elementor-size-default\">Ensino M\u00e9dio<\/h2>\t\t\t\t<\/div>\n\t\t\t\t<\/div>\n\t\t\t\t\t<\/div>\n\t\t<\/div>\n\t\t\t\t<div class=\"has_eae_slider elementor-column elementor-col-25 elementor-top-column elementor-element elementor-element-bf5c9ae exad-glass-effect-no exad-sticky-section-no\" data-eae-slider=\"25788\" data-id=\"bf5c9ae\" data-element_type=\"column\" data-e-type=\"column\">\n\t\t\t<div class=\"elementor-widget-wrap\">\n\t\t\t\t\t\t\t<\/div>\n\t\t<\/div>\n\t\t\t\t<div class=\"has_eae_slider elementor-column elementor-col-25 elementor-top-column elementor-element elementor-element-137b5ae exad-glass-effect-no exad-sticky-section-no\" data-eae-slider=\"68005\" data-id=\"137b5ae\" data-element_type=\"column\" data-e-type=\"column\">\n\t\t\t<div class=\"elementor-widget-wrap\">\n\t\t\t\t\t\t\t<\/div>\n\t\t<\/div>\n\t\t\t\t\t<\/div>\n\t\t<\/section>\n\t\t\t\t<section class=\"has_eae_slider elementor-section elementor-top-section elementor-element elementor-element-4a2d00c elementor-section-boxed elementor-section-height-default elementor-section-height-default exad-glass-effect-no exad-sticky-section-no\" data-eae-slider=\"36023\" data-id=\"4a2d00c\" data-element_type=\"section\" data-e-type=\"section\">\n\t\t\t\t\t\t<div class=\"elementor-container elementor-column-gap-default\">\n\t\t\t\t\t<div class=\"has_eae_slider elementor-column elementor-col-100 elementor-top-column elementor-element elementor-element-0021a3d exad-glass-effect-no exad-sticky-section-no\" data-eae-slider=\"69716\" data-id=\"0021a3d\" data-element_type=\"column\" data-e-type=\"column\">\n\t\t\t<div class=\"elementor-widget-wrap elementor-element-populated\">\n\t\t\t\t\t\t\t<\/div>\n\t\t<\/div>\n\t\t\t\t\t<\/div>\n\t\t<\/section>\n\t\t\t\t<section class=\"has_eae_slider elementor-section elementor-top-section elementor-element elementor-element-060ef24 elementor-section-boxed elementor-section-height-default elementor-section-height-default exad-glass-effect-no exad-sticky-section-no\" data-eae-slider=\"27838\" data-id=\"060ef24\" data-element_type=\"section\" data-e-type=\"section\">\n\t\t\t\t\t\t<div class=\"elementor-container elementor-column-gap-default\">\n\t\t\t\t\t<div class=\"has_eae_slider elementor-column elementor-col-50 elementor-top-column elementor-element elementor-element-2561104 exad-glass-effect-no exad-sticky-section-no\" data-eae-slider=\"34766\" data-id=\"2561104\" data-element_type=\"column\" data-e-type=\"column\">\n\t\t\t<div class=\"elementor-widget-wrap elementor-element-populated\">\n\t\t\t\t\t\t<div class=\"elementor-element elementor-element-04b52aa exad-sticky-section-no exad-glass-effect-no elementor-widget elementor-widget-text-editor\" data-id=\"04b52aa\" data-element_type=\"widget\" data-e-type=\"widget\" data-widget_type=\"text-editor.default\">\n\t\t\t\t<div class=\"elementor-widget-container\">\n\t\t\t\t\t\t\t\t\t<p>O MODERNO \u2013 Centro de Ensino, Educa\u00e7\u00e3o e Cultura \u2013 compreende o curr\u00edculo no ensino m\u00e9dio como a fase de consolida\u00e7\u00e3o da educa\u00e7\u00e3o b\u00e1sica. Nele, se configura a percep\u00e7\u00e3o, defini\u00e7\u00e3o e conceitua\u00e7\u00e3o de um conjunto de valores e pr\u00e1ticas que estruturam a constru\u00e7\u00e3o, produ\u00e7\u00e3o e socializa\u00e7\u00e3o do conhecimento, bem como, o fortalecimento da identidade social e cultural do estudante.<\/p><p>Deste modo se inclui, de forma decis\u00f3ria, a prontid\u00e3o para desenvolver a autonomia intelectual visando \u00e0 continuidade de estudos, a prepara\u00e7\u00e3o te\u00f3rica para se inserir no mundo do trabalho e a constitui\u00e7\u00e3o de valores \u00e9ticos, est\u00e9ticos e morais para o exerc\u00edcio pleno da cidadania.<\/p><p>Dessa forma, o curr\u00edculo no ensino m\u00e9dio deve assegurar a integraliza\u00e7\u00e3o entre o aluno, a ci\u00eancia, a tecnologia, arte e a cultura, de modo que, os princ\u00edpios educativos sejam preservados e processualmente conduzidos no decorrer da educa\u00e7\u00e3o b\u00e1sica.<\/p>\t\t\t\t\t\t\t\t<\/div>\n\t\t\t\t<\/div>\n\t\t\t\t\t<\/div>\n\t\t<\/div>\n\t\t\t\t<div class=\"has_eae_slider elementor-column elementor-col-50 elementor-top-column elementor-element elementor-element-5cac2a2 exad-glass-effect-no exad-sticky-section-no\" data-eae-slider=\"69900\" data-id=\"5cac2a2\" data-element_type=\"column\" data-e-type=\"column\">\n\t\t\t<div class=\"elementor-widget-wrap\">\n\t\t\t\t\t\t\t<\/div>\n\t\t<\/div>\n\t\t\t\t\t<\/div>\n\t\t<\/section>\n\t\t\t\t<section class=\"has_eae_slider elementor-section elementor-top-section elementor-element elementor-element-0ddb2f4 elementor-section-boxed elementor-section-height-default elementor-section-height-default exad-glass-effect-no exad-sticky-section-no\" data-eae-slider=\"29103\" data-id=\"0ddb2f4\" data-element_type=\"section\" data-e-type=\"section\">\n\t\t\t\t\t\t<div class=\"elementor-container elementor-column-gap-default\">\n\t\t\t\t\t<div class=\"has_eae_slider elementor-column elementor-col-50 elementor-top-column elementor-element elementor-element-15ef8c6 exad-glass-effect-no exad-sticky-section-no\" data-eae-slider=\"73545\" data-id=\"15ef8c6\" data-element_type=\"column\" data-e-type=\"column\">\n\t\t\t<div class=\"elementor-widget-wrap\">\n\t\t\t\t\t\t\t<\/div>\n\t\t<\/div>\n\t\t\t\t<div class=\"has_eae_slider elementor-column elementor-col-50 elementor-top-column elementor-element elementor-element-d3fb536 exad-glass-effect-no exad-sticky-section-no\" data-eae-slider=\"87144\" data-id=\"d3fb536\" data-element_type=\"column\" data-e-type=\"column\">\n\t\t\t<div class=\"elementor-widget-wrap elementor-element-populated\">\n\t\t\t\t\t\t<div class=\"elementor-element elementor-element-d838dbc exad-sticky-section-no exad-glass-effect-no elementor-widget elementor-widget-heading\" data-id=\"d838dbc\" data-element_type=\"widget\" data-e-type=\"widget\" data-widget_type=\"heading.default\">\n\t\t\t\t<div class=\"elementor-widget-container\">\n\t\t\t\t\t<h2 class=\"elementor-heading-title elementor-size-default\">Modelo  de Avalia\u00e7\u00e3o\n<\/h2>\t\t\t\t<\/div>\n\t\t\t\t<\/div>\n\t\t\t\t<div class=\"elementor-element elementor-element-81f7844 exad-sticky-section-no exad-glass-effect-no elementor-widget elementor-widget-text-editor\" data-id=\"81f7844\" data-element_type=\"widget\" data-e-type=\"widget\" data-widget_type=\"text-editor.default\">\n\t\t\t\t<div class=\"elementor-widget-container\">\n\t\t\t\t\t\t\t\t\t<p>O MODERNO \u2013 Centro de Ensino, Educa\u00e7\u00e3o e Cultura \u2013 adota como procedimentos te\u00f3rico-metodol\u00f3gicos para avalia\u00e7\u00e3o da aprendizagem no ensino m\u00e9dio, os princ\u00edpios educacionais teoricamente fundamentados e legalmente determinados para serem aplicados nessa etapa.<\/p><p>Os crit\u00e9rios que d\u00e3o suporte as v\u00e1rias formas de avalia\u00e7\u00e3o nesse seguimento, est\u00e3o embasados na predomin\u00e2ncia dos aspectos formativos sobre os quantitativos e classificat\u00f3rios, desta forma adotando estrat\u00e9gias que favore\u00e7am o crescimento do educando nos n\u00edveis intelectual, social, cultural e emocional.<\/p><p>A avalia\u00e7\u00e3o da aprendizagem no ensino m\u00e9dio, tem como pressuposto b\u00e1sico uma educa\u00e7\u00e3o de qualidade, de modo que garanta ao aluno, conhecimentos, atitudes e valores que lhe oportunizem desenvolver habilidades e desempenhar compet\u00eancias no processo intr\u00ednseco ensino-aprendizagem-avalia\u00e7\u00e3o, tornando-o n\u00e3o apenas competitivo, mas principalmente competente para participar e alcan\u00e7ar \u00eaxito nos mais variados tipos de avalia\u00e7\u00f5es nacional e internacional:<\/p><p>\u2022 ENEM (Exame Nacional de Ensino M\u00e9dio);<br \/>\u2022 PISA (Progamme for InternationalStudentAssessment &#8211; Programa Internacional de Avalia\u00e7\u00e3o de Estudantes).<\/p><p>Al\u00e9m de, prioritariamente, dar continuidade aos estudos, rumo \u00e0 educa\u00e7\u00e3o superior, bem como, preparar-se para inser\u00e7\u00e3o no mundo trabalho e para exercer plenamente sua cidadania.<\/p>\t\t\t\t\t\t\t\t<\/div>\n\t\t\t\t<\/div>\n\t\t\t\t\t<\/div>\n\t\t<\/div>\n\t\t\t\t\t<\/div>\n\t\t<\/section>\n\t\t\t\t<\/div>\n\t\t","protected":false},"excerpt":{"rendered":"<p>Ensino M\u00e9dio O MODERNO \u2013 Centro de Ensino, Educa\u00e7\u00e3o e Cultura \u2013 compreende o curr\u00edculo no ensino m\u00e9dio como a fase de consolida\u00e7\u00e3o da educa\u00e7\u00e3o b\u00e1sica. Nele, se configura a percep\u00e7\u00e3o, defini\u00e7\u00e3o e conceitua\u00e7\u00e3o de um conjunto de valores e pr\u00e1ticas que estruturam a constru\u00e7\u00e3o, produ\u00e7\u00e3o e socializa\u00e7\u00e3o do conhecimento, [&hellip;]<\/p>\n","protected":false},"author":1,"featured_media":0,"parent":0,"menu_order":0,"comment_status":"closed","ping_status":"closed","template":"elementor_header_footer","meta":{"footnotes":""},"class_list":["post-72","page","type-page","status-publish","hentry"],"jetpack_sharing_enabled":true,"_links":{"self":[{"href":"https:\/\/portalmoderno.com.br\/new\/index.php\/wp-json\/wp\/v2\/pages\/72","targetHints":{"allow":["GET"]}}],"collection":[{"href":"https:\/\/portalmoderno.com.br\/new\/index.php\/wp-json\/wp\/v2\/pages"}],"about":[{"href":"https:\/\/portalmoderno.com.br\/new\/index.php\/wp-json\/wp\/v2\/types\/page"}],"author":[{"embeddable":true,"href":"https:\/\/portalmoderno.com.br\/new\/index.php\/wp-json\/wp\/v2\/users\/1"}],"replies":[{"embeddable":true,"href":"https:\/\/portalmoderno.com.br\/new\/index.php\/wp-json\/wp\/v2\/comments?post=72"}],"version-history":[{"count":25,"href":"https:\/\/portalmoderno.com.br\/new\/index.php\/wp-json\/wp\/v2\/pages\/72\/revisions"}],"predecessor-version":[{"id":4855,"href":"https:\/\/portalmoderno.com.br\/new\/index.php\/wp-json\/wp\/v2\/pages\/72\/revisions\/4855"}],"wp:attachment":[{"href":"https:\/\/portalmoderno.com.br\/new\/index.php\/wp-json\/wp\/v2\/media?parent=72"}],"curies":[{"name":"wp","href":"https:\/\/api.w.org\/{rel}","templated":true}]}}