{"id":68,"date":"2020-08-16T11:31:00","date_gmt":"2020-08-16T14:31:00","guid":{"rendered":"http:\/\/portalmoderno.com.br\/new\/?page_id=68"},"modified":"2023-01-31T17:54:06","modified_gmt":"2023-01-31T19:54:06","slug":"area-do-aluno","status":"publish","type":"page","link":"https:\/\/portalmoderno.com.br\/new\/index.php\/area-do-aluno\/","title":{"rendered":"Area do Aluno"},"content":{"rendered":"\t\t<div data-elementor-type=\"wp-post\" data-elementor-id=\"68\" class=\"elementor elementor-68\">\n\t\t\t\t\t\t<section class=\"has_eae_slider elementor-section elementor-top-section elementor-element elementor-element-a1678ec elementor-section-full_width elementor-section-height-default elementor-section-height-default exad-glass-effect-no exad-sticky-section-no\" data-eae-slider=\"31262\" data-id=\"a1678ec\" data-element_type=\"section\" data-e-type=\"section\" data-settings=\"{&quot;background_background&quot;:&quot;slideshow&quot;,&quot;background_slideshow_gallery&quot;:[{&quot;id&quot;:3882,&quot;url&quot;:&quot;https:\\\/\\\/portalmoderno.com.br\\\/new\\\/wp-content\\\/uploads\\\/2023\\\/01\\\/site-2023-faixa.jpg&quot;}],&quot;background_slideshow_loop&quot;:&quot;yes&quot;,&quot;background_slideshow_slide_duration&quot;:5000,&quot;background_slideshow_slide_transition&quot;:&quot;fade&quot;,&quot;background_slideshow_transition_duration&quot;:500}\">\n\t\t\t\t\t\t<div class=\"elementor-container elementor-column-gap-default\">\n\t\t\t\t\t<div class=\"has_eae_slider elementor-column elementor-col-100 elementor-top-column elementor-element elementor-element-119bab9 exad-glass-effect-no exad-sticky-section-no\" data-eae-slider=\"9098\" data-id=\"119bab9\" data-element_type=\"column\" data-e-type=\"column\">\n\t\t\t<div class=\"elementor-widget-wrap elementor-element-populated\">\n\t\t\t\t\t\t<div class=\"elementor-element elementor-element-ec5fc2b exad-sticky-section-no exad-glass-effect-no elementor-widget elementor-widget-heading\" data-id=\"ec5fc2b\" data-element_type=\"widget\" data-e-type=\"widget\" data-widget_type=\"heading.default\">\n\t\t\t\t<div class=\"elementor-widget-container\">\n\t\t\t\t\t<h2 class=\"elementor-heading-title elementor-size-default\">Acesso R\u00e1pido <\/h2>\t\t\t\t<\/div>\n\t\t\t\t<\/div>\n\t\t\t\t<div class=\"elementor-element elementor-element-862d7ef exad-sticky-section-no exad-glass-effect-no elementor-widget elementor-widget-text-editor\" data-id=\"862d7ef\" data-element_type=\"widget\" data-e-type=\"widget\" data-widget_type=\"text-editor.default\">\n\t\t\t\t<div class=\"elementor-widget-container\">\n\t\t\t\t\t\t\t\t\t<p>Em todos os segmentos de ensino, o Col\u00e9gio Moderno conta com um corpo docente altamente qualificado e trabalha os conte\u00fados de forma integrada e contextualizada com a realidade na qual os alunos est\u00e3o inseridos, transmitindo o conhecimento por meio de ferramentas apropriadas a cada uma das etapas.<\/p>\t\t\t\t\t\t\t\t<\/div>\n\t\t\t\t<\/div>\n\t\t\t\t<div class=\"elementor-element elementor-element-aa44a58 exad-sticky-section-no exad-glass-effect-no elementor-widget elementor-widget-heading\" data-id=\"aa44a58\" data-element_type=\"widget\" data-e-type=\"widget\" data-widget_type=\"heading.default\">\n\t\t\t\t<div class=\"elementor-widget-container\">\n\t\t\t\t\t<h2 class=\"elementor-heading-title elementor-size-default\">Moderno J\u00fanior \/ Moderno<\/h2>\t\t\t\t<\/div>\n\t\t\t\t<\/div>\n\t\t\t\t<div class=\"elementor-element elementor-element-137fc67 exad-sticky-section-no exad-glass-effect-no elementor-widget elementor-widget-eael-image-accordion\" data-id=\"137fc67\" data-element_type=\"widget\" data-e-type=\"widget\" data-widget_type=\"eael-image-accordion.default\">\n\t\t\t\t<div class=\"elementor-widget-container\">\n\t\t\t\t\t    <div class=\"eael-img-accordion accordion-direction-horizontal eael-img-accordion-horizontal-align-center eael-img-accordion-vertical-align-center\" id=\"eael-img-accordion-137fc67\" data-img-accordion-id=\"137fc67\" data-img-accordion-type=\"on-hover\">\n                    \n            <div class=\"eael-image-accordion-hover eael-image-accordion-item lazyload\" style=\"background-image:inherit;\"  tabindex=\"0\" data-bg-image=\"url(https:\/\/portalmoderno.com.br\/new\/wp-content\/uploads\/2023\/01\/matriculas-2023-moderno-junior.jpg)\">\n                <div class=\"overlay\">\n                                        <div class=\"overlay-inner \">\n                        <a href=\"http:\/\/portalmoderno.com.br\/new\/index.php\/moderno-junior-3\/\" target=\"_blank\"><h2 class=\"img-accordion-title\">Moderno J\u00fanior<\/h2><\/a>                            <p><p>Clique e Veja \/ Calend\u00e1rio &#8211; Galeria &#8211; Not\u00edcias -Comunicados e muito mais&#8230;<\/p><\/p>\n                                            <\/div>\n                <\/div>\n            <\/div>\n                    \n            <div class=\"eael-image-accordion-hover eael-image-accordion-item lazyload\" style=\"background-image:inherit;\"  tabindex=\"0\" data-bg-image=\"url(https:\/\/portalmoderno.com.br\/new\/wp-content\/uploads\/2023\/01\/matriculas-2023-moderno.jpg)\">\n                <div class=\"overlay\">\n                                        <div class=\"overlay-inner \">\n                        <a href=\"https:\/\/portalmoderno.com.br\/new\/index.php\/moderno\" target=\"_blank\"><h2 class=\"img-accordion-title\">Moderno<\/h2><\/a>                            <p><p>Clique e Veja \/ Calend\u00e1rio &#8211; Galeria &#8211; Not\u00edcias -Comunicados e muito mais&#8230;<\/p><\/p>\n                                            <\/div>\n                <\/div>\n            <\/div>\n                <\/div>\n        <style typr=\"text\/css\">\n                    #eael-img-accordion-137fc67 .eael-image-accordion-hover:hover {\n                        flex: 3 1 0% !important;\n                    }\n                    #eael-img-accordion-137fc67 .eael-image-accordion-hover:hover:hover .overlay-inner * {\n                        opacity: 1;\n                        visibility: visible;\n                        transform: none;\n                        transition: all .3s .3s;\n                    }\n                <\/style>\t\t\t\t<\/div>\n\t\t\t\t<\/div>\n\t\t\t\t\t<\/div>\n\t\t<\/div>\n\t\t\t\t\t<\/div>\n\t\t<\/section>\n\t\t\t\t<section class=\"has_eae_slider elementor-section elementor-top-section elementor-element elementor-element-2466825 elementor-section-boxed elementor-section-height-default elementor-section-height-default exad-glass-effect-no exad-sticky-section-no\" data-eae-slider=\"19701\" data-id=\"2466825\" data-element_type=\"section\" data-e-type=\"section\">\n\t\t\t\t\t\t<div class=\"elementor-container elementor-column-gap-default\">\n\t\t\t\t\t<div class=\"has_eae_slider elementor-column elementor-col-100 elementor-top-column elementor-element elementor-element-8bbc8c8 exad-glass-effect-no exad-sticky-section-no\" data-eae-slider=\"26184\" data-id=\"8bbc8c8\" data-element_type=\"column\" data-e-type=\"column\">\n\t\t\t<div class=\"elementor-widget-wrap elementor-element-populated\">\n\t\t\t\t\t\t<div class=\"elementor-element elementor-element-1d38adf exad-sticky-section-no exad-glass-effect-no elementor-widget elementor-widget-spacer\" data-id=\"1d38adf\" data-element_type=\"widget\" data-e-type=\"widget\" data-widget_type=\"spacer.default\">\n\t\t\t\t<div class=\"elementor-widget-container\">\n\t\t\t\t\t\t\t<div class=\"elementor-spacer\">\n\t\t\t<div class=\"elementor-spacer-inner\"><\/div>\n\t\t<\/div>\n\t\t\t\t\t\t<\/div>\n\t\t\t\t<\/div>\n\t\t\t\t\t<\/div>\n\t\t<\/div>\n\t\t\t\t\t<\/div>\n\t\t<\/section>\n\t\t\t\t<\/div>\n\t\t","protected":false},"excerpt":{"rendered":"<p>Acesso R\u00e1pido Em todos os segmentos de ensino, o Col\u00e9gio Moderno conta com um corpo docente altamente qualificado e trabalha os conte\u00fados de forma integrada e contextualizada com a realidade na qual os alunos est\u00e3o inseridos, transmitindo o conhecimento por meio de ferramentas apropriadas a cada uma das etapas. Moderno [&hellip;]<\/p>\n","protected":false},"author":1,"featured_media":0,"parent":0,"menu_order":0,"comment_status":"closed","ping_status":"closed","template":"elementor_header_footer","meta":{"footnotes":""},"class_list":["post-68","page","type-page","status-publish","hentry"],"jetpack_sharing_enabled":true,"_links":{"self":[{"href":"https:\/\/portalmoderno.com.br\/new\/index.php\/wp-json\/wp\/v2\/pages\/68","targetHints":{"allow":["GET"]}}],"collection":[{"href":"https:\/\/portalmoderno.com.br\/new\/index.php\/wp-json\/wp\/v2\/pages"}],"about":[{"href":"https:\/\/portalmoderno.com.br\/new\/index.php\/wp-json\/wp\/v2\/types\/page"}],"author":[{"embeddable":true,"href":"https:\/\/portalmoderno.com.br\/new\/index.php\/wp-json\/wp\/v2\/users\/1"}],"replies":[{"embeddable":true,"href":"https:\/\/portalmoderno.com.br\/new\/index.php\/wp-json\/wp\/v2\/comments?post=68"}],"version-history":[{"count":9,"href":"https:\/\/portalmoderno.com.br\/new\/index.php\/wp-json\/wp\/v2\/pages\/68\/revisions"}],"predecessor-version":[{"id":4542,"href":"https:\/\/portalmoderno.com.br\/new\/index.php\/wp-json\/wp\/v2\/pages\/68\/revisions\/4542"}],"wp:attachment":[{"href":"https:\/\/portalmoderno.com.br\/new\/index.php\/wp-json\/wp\/v2\/media?parent=68"}],"curies":[{"name":"wp","href":"https:\/\/api.w.org\/{rel}","templated":true}]}}