{"id":540,"date":"2021-03-02T13:49:35","date_gmt":"2021-03-02T16:49:35","guid":{"rendered":"http:\/\/portalmoderno.com.br\/new\/?page_id=540"},"modified":"2021-05-22T00:54:10","modified_gmt":"2021-05-22T03:54:10","slug":"maker-space","status":"publish","type":"page","link":"https:\/\/portalmoderno.com.br\/new\/index.php\/maker-space\/","title":{"rendered":"Maker space"},"content":{"rendered":"\t\t<div data-elementor-type=\"wp-post\" data-elementor-id=\"540\" class=\"elementor elementor-540\">\n\t\t\t\t\t\t<section class=\"has_eae_slider elementor-section elementor-top-section elementor-element elementor-element-e691a19 elementor-section-boxed elementor-section-height-default elementor-section-height-default exad-glass-effect-no exad-sticky-section-no\" data-eae-slider=\"669\" data-id=\"e691a19\" data-element_type=\"section\" data-e-type=\"section\">\n\t\t\t\t\t\t<div class=\"elementor-container elementor-column-gap-default\">\n\t\t\t\t\t<div class=\"has_eae_slider elementor-column elementor-col-33 elementor-top-column elementor-element elementor-element-36e1e08 exad-glass-effect-no exad-sticky-section-no\" data-eae-slider=\"28843\" data-id=\"36e1e08\" data-element_type=\"column\" data-e-type=\"column\">\n\t\t\t<div class=\"elementor-widget-wrap elementor-element-populated\">\n\t\t\t\t\t\t<div class=\"elementor-element elementor-element-d4c4ae7 exad-sticky-section-no exad-glass-effect-no elementor-widget elementor-widget-heading\" data-id=\"d4c4ae7\" data-element_type=\"widget\" data-e-type=\"widget\" data-widget_type=\"heading.default\">\n\t\t\t\t<div class=\"elementor-widget-container\">\n\t\t\t\t\t<h2 class=\"elementor-heading-title elementor-size-default\">Maker Space<\/h2>\t\t\t\t<\/div>\n\t\t\t\t<\/div>\n\t\t\t\t<div class=\"elementor-element elementor-element-31005a2 exad-sticky-section-no exad-glass-effect-no elementor-invisible elementor-widget elementor-widget-text-editor\" data-id=\"31005a2\" data-element_type=\"widget\" data-e-type=\"widget\" data-settings=\"{&quot;_animation&quot;:&quot;fadeInUp&quot;}\" data-widget_type=\"text-editor.default\">\n\t\t\t\t<div class=\"elementor-widget-container\">\n\t\t\t\t\t\t\t\t\t<p>O \u201cMaker Space\u201d ou em portugu\u00eas \u201cEspa\u00e7o do<br \/>Fazer\u201d \u00e9 um lugar onde os alunos podem<br \/>exercitar o protagonismo por meio de ideias e<br \/>cria\u00e7\u00f5es. Um lugar que oferece ferramentas<br \/>digitais, tecnol\u00f3gicas e at\u00e9 r\u00fasticas. Tudo isso<br \/>para agregar o conhecimento te\u00f3rico da sala<br \/>de aula com a pr\u00e1tica do dia a dia<br \/>possibilitando assim uma aprendizagem<br \/>integral.<\/p>\t\t\t\t\t\t\t\t<\/div>\n\t\t\t\t<\/div>\n\t\t\t\t<div class=\"elementor-element elementor-element-e08bd6b exad-sticky-section-no exad-glass-effect-no elementor-widget elementor-widget-heading\" data-id=\"e08bd6b\" data-element_type=\"widget\" data-e-type=\"widget\" data-widget_type=\"heading.default\">\n\t\t\t\t<div class=\"elementor-widget-container\">\n\t\t\t\t\t<h2 class=\"elementor-heading-title elementor-size-default\">Cultura Maker\n<\/h2>\t\t\t\t<\/div>\n\t\t\t\t<\/div>\n\t\t\t\t<div class=\"elementor-element elementor-element-ffc4559 exad-sticky-section-no exad-glass-effect-no elementor-invisible elementor-widget elementor-widget-text-editor\" data-id=\"ffc4559\" data-element_type=\"widget\" data-e-type=\"widget\" data-settings=\"{&quot;_animation&quot;:&quot;fadeInUp&quot;}\" data-widget_type=\"text-editor.default\">\n\t\t\t\t<div class=\"elementor-widget-container\">\n\t\t\t\t\t\t\t\t\t<p>A cultura maker tem ganhado cada vez mais<br \/>espa\u00e7o na sociedade. Vem do conceito de \u201cfa\u00e7a<br \/>voc\u00ea mesmo\u201d. Se antes quando algo quebrava<br \/>era jogado fora, agora as pessoas s\u00e3o<br \/>incentivadas a concert\u00e1-las e compartilhar<br \/>conhecimento usando o que se tem ao alcance.<br \/>Nos ambientes escolares essa ideia chega<br \/>como forma de resolver problemas<br \/>enfrentados no dia a dia aplicando o<br \/>conhecimento te\u00f3rico de sala de aula com as<br \/>ferramentas oferecidas nos maker spaces.<\/p>\t\t\t\t\t\t\t\t<\/div>\n\t\t\t\t<\/div>\n\t\t\t\t<div class=\"elementor-element elementor-element-d2fb729 exad-sticky-section-no exad-glass-effect-no elementor-widget elementor-widget-heading\" data-id=\"d2fb729\" data-element_type=\"widget\" data-e-type=\"widget\" data-widget_type=\"heading.default\">\n\t\t\t\t<div class=\"elementor-widget-container\">\n\t\t\t\t\t<h2 class=\"elementor-heading-title elementor-size-default\">Moderno e a Maker\n<\/h2>\t\t\t\t<\/div>\n\t\t\t\t<\/div>\n\t\t\t\t<div class=\"elementor-element elementor-element-e378b24 exad-sticky-section-no exad-glass-effect-no elementor-invisible elementor-widget elementor-widget-text-editor\" data-id=\"e378b24\" data-element_type=\"widget\" data-e-type=\"widget\" data-settings=\"{&quot;_animation&quot;:&quot;fadeInUp&quot;}\" data-widget_type=\"text-editor.default\">\n\t\t\t\t<div class=\"elementor-widget-container\">\n\t\t\t\t\t\t\t\t\t<p>O Col\u00e9gio Moderno foi a primeira escola do<br \/>estado a criar e investir nesse ambiente<br \/>justamente por entender a import\u00e2ncia que<br \/>esse espa\u00e7o colaborativo tem a oferecer. A<br \/>partir dele foi poss\u00edvel desenvolver ainda<br \/>mais compet\u00eancias como criatividade,<br \/>autonomia e empatia. Nesse momento<br \/>podemos dizer que \u00e9 a sala mais tecnol\u00f3gica<br \/>voltado para educa\u00e7\u00e3o do estado.<\/p>\t\t\t\t\t\t\t\t<\/div>\n\t\t\t\t<\/div>\n\t\t\t\t\t<\/div>\n\t\t<\/div>\n\t\t\t\t<div class=\"has_eae_slider elementor-column elementor-col-33 elementor-top-column elementor-element elementor-element-22093e1 exad-glass-effect-no exad-sticky-section-no\" data-eae-slider=\"93623\" data-id=\"22093e1\" data-element_type=\"column\" data-e-type=\"column\">\n\t\t\t<div class=\"elementor-widget-wrap elementor-element-populated\">\n\t\t\t\t\t\t<div class=\"elementor-element elementor-element-19bc6ef exad-sticky-section-no exad-glass-effect-no elementor-widget elementor-widget-heading\" data-id=\"19bc6ef\" data-element_type=\"widget\" data-e-type=\"widget\" data-widget_type=\"heading.default\">\n\t\t\t\t<div class=\"elementor-widget-container\">\n\t\t\t\t\t<h2 class=\"elementor-heading-title elementor-size-default\">Equipamentos de primeira<\/h2>\t\t\t\t<\/div>\n\t\t\t\t<\/div>\n\t\t\t\t<div class=\"elementor-element elementor-element-2318c2f exad-sticky-section-no exad-glass-effect-no elementor-invisible elementor-widget elementor-widget-text-editor\" data-id=\"2318c2f\" data-element_type=\"widget\" data-e-type=\"widget\" data-settings=\"{&quot;_animation&quot;:&quot;fadeInUp&quot;}\" data-widget_type=\"text-editor.default\">\n\t\t\t\t<div class=\"elementor-widget-container\">\n\t\t\t\t\t\t\t\t\t<p>A sala foi pensada, projetada e confeccionada<br \/>do zero. Nosso engenheiro mecatr\u00f4nico<br \/>especializado em rob\u00f3tica educacional<br \/>levantou e criou um ambiente ideal e<br \/>inovador. Como prova disso temos<br \/>equipamentos de ponta e atualizados como<br \/>impressora 3D, tablets, notebooks, \u00f3culos de<br \/>realidade virtual, kits de rob\u00f3tica e muito<br \/>mais. Al\u00e9m disso, dentro da sala temos v\u00e1rios<br \/>ambientes que possibilita diferentes tipos de<br \/>aprendizado de acordo com a mat\u00e9ria e idade.<\/p>\t\t\t\t\t\t\t\t<\/div>\n\t\t\t\t<\/div>\n\t\t\t\t<div class=\"elementor-element elementor-element-cce189d exad-sticky-section-no exad-glass-effect-no elementor-invisible elementor-widget elementor-widget-image\" data-id=\"cce189d\" data-element_type=\"widget\" data-e-type=\"widget\" data-settings=\"{&quot;_animation&quot;:&quot;bounceIn&quot;}\" data-widget_type=\"image.default\">\n\t\t\t\t<div class=\"elementor-widget-container\">\n\t\t\t\t\t\t\t\t\t\t\t\t\t\t\t<img fetchpriority=\"high\" decoding=\"async\" width=\"342\" height=\"450\" src=\"https:\/\/portalmoderno.com.br\/new\/wp-content\/uploads\/2021\/maker\/MAKER.JPG\" class=\"attachment-large size-large wp-image-548\" alt=\"\" srcset=\"https:\/\/portalmoderno.com.br\/new\/wp-content\/uploads\/2021\/maker\/MAKER.JPG 342w, https:\/\/portalmoderno.com.br\/new\/wp-content\/uploads\/2021\/maker\/MAKER.JPG 228w\" sizes=\"(max-width: 342px) 100vw, 342px\" \/>\t\t\t\t\t\t\t\t\t\t\t\t\t\t\t<\/div>\n\t\t\t\t<\/div>\n\t\t\t\t\t<\/div>\n\t\t<\/div>\n\t\t\t\t<div class=\"has_eae_slider elementor-column elementor-col-33 elementor-top-column elementor-element elementor-element-de5bdbc exad-glass-effect-no exad-sticky-section-no\" data-eae-slider=\"65961\" data-id=\"de5bdbc\" data-element_type=\"column\" data-e-type=\"column\">\n\t\t\t<div class=\"elementor-widget-wrap elementor-element-populated\">\n\t\t\t\t\t\t<div class=\"elementor-element elementor-element-d37ee81 exad-sticky-section-no exad-glass-effect-no elementor-invisible elementor-widget elementor-widget-image\" data-id=\"d37ee81\" data-element_type=\"widget\" data-e-type=\"widget\" data-settings=\"{&quot;_animation&quot;:&quot;bounceIn&quot;}\" data-widget_type=\"image.default\">\n\t\t\t\t<div class=\"elementor-widget-container\">\n\t\t\t\t\t\t\t\t\t\t\t\t\t\t\t<img decoding=\"async\" width=\"361\" height=\"552\" data-src=\"https:\/\/portalmoderno.com.br\/new\/wp-content\/uploads\/2021\/maker\/MAKER1.JPG\" class=\"attachment-large size-large wp-image-549 lazyload\" alt=\"\" data-srcset=\"https:\/\/portalmoderno.com.br\/new\/wp-content\/uploads\/2021\/maker\/MAKER1.JPG 361w, https:\/\/portalmoderno.com.br\/new\/wp-content\/uploads\/2021\/maker\/MAKER1.JPG 196w\" data-sizes=\"(max-width: 361px) 100vw, 361px\" src=\"data:image\/svg+xml;base64,PHN2ZyB3aWR0aD0iMSIgaGVpZ2h0PSIxIiB4bWxucz0iaHR0cDovL3d3dy53My5vcmcvMjAwMC9zdmciPjwvc3ZnPg==\" style=\"--smush-placeholder-width: 361px; --smush-placeholder-aspect-ratio: 361\/552;\" \/>\t\t\t\t\t\t\t\t\t\t\t\t\t\t\t<\/div>\n\t\t\t\t<\/div>\n\t\t\t\t<div class=\"elementor-element elementor-element-d56eb5d exad-sticky-section-no exad-glass-effect-no elementor-widget elementor-widget-heading\" data-id=\"d56eb5d\" data-element_type=\"widget\" data-e-type=\"widget\" data-widget_type=\"heading.default\">\n\t\t\t\t<div class=\"elementor-widget-container\">\n\t\t\t\t\t<h2 class=\"elementor-heading-title elementor-size-default\">\n<\/h2>\t\t\t\t<\/div>\n\t\t\t\t<\/div>\n\t\t\t\t<div class=\"elementor-element elementor-element-195b3ce exad-sticky-section-no exad-glass-effect-no elementor-invisible elementor-widget elementor-widget-image\" data-id=\"195b3ce\" data-element_type=\"widget\" data-e-type=\"widget\" data-settings=\"{&quot;_animation&quot;:&quot;bounceIn&quot;}\" data-widget_type=\"image.default\">\n\t\t\t\t<div class=\"elementor-widget-container\">\n\t\t\t\t\t\t\t\t\t\t\t\t\t\t\t<img decoding=\"async\" width=\"200\" height=\"87\" data-src=\"https:\/\/portalmoderno.com.br\/new\/wp-content\/uploads\/2020\/04\/logo_moderno-1-200x87-1.png\" class=\"attachment-large size-large wp-image-18 lazyload\" alt=\"\" src=\"data:image\/svg+xml;base64,PHN2ZyB3aWR0aD0iMSIgaGVpZ2h0PSIxIiB4bWxucz0iaHR0cDovL3d3dy53My5vcmcvMjAwMC9zdmciPjwvc3ZnPg==\" style=\"--smush-placeholder-width: 200px; --smush-placeholder-aspect-ratio: 200\/87;\" \/>\t\t\t\t\t\t\t\t\t\t\t\t\t\t\t<\/div>\n\t\t\t\t<\/div>\n\t\t\t\t<div class=\"elementor-element elementor-element-59f89d4 exad-sticky-section-no exad-glass-effect-no elementor-widget elementor-widget-heading\" data-id=\"59f89d4\" data-element_type=\"widget\" data-e-type=\"widget\" data-widget_type=\"heading.default\">\n\t\t\t\t<div class=\"elementor-widget-container\">\n\t\t\t\t\t<h2 class=\"elementor-heading-title elementor-size-default\">\n<\/h2>\t\t\t\t<\/div>\n\t\t\t\t<\/div>\n\t\t\t\t\t<\/div>\n\t\t<\/div>\n\t\t\t\t\t<\/div>\n\t\t<\/section>\n\t\t\t\t<section class=\"has_eae_slider elementor-section elementor-top-section elementor-element elementor-element-3a97aa7 elementor-section-boxed elementor-section-height-default elementor-section-height-default exad-glass-effect-no exad-sticky-section-no\" data-eae-slider=\"74414\" data-id=\"3a97aa7\" data-element_type=\"section\" data-e-type=\"section\">\n\t\t\t\t\t\t<div class=\"elementor-container elementor-column-gap-default\">\n\t\t\t\t\t<div class=\"has_eae_slider elementor-column elementor-col-33 elementor-top-column elementor-element elementor-element-e6b7022 exad-glass-effect-no exad-sticky-section-no\" data-eae-slider=\"73397\" data-id=\"e6b7022\" data-element_type=\"column\" data-e-type=\"column\">\n\t\t\t<div class=\"elementor-widget-wrap elementor-element-populated\">\n\t\t\t\t\t\t<div class=\"elementor-element elementor-element-a2c6082 exad-sticky-section-no exad-glass-effect-no elementor-invisible elementor-widget elementor-widget-image\" data-id=\"a2c6082\" data-element_type=\"widget\" data-e-type=\"widget\" data-settings=\"{&quot;_animation&quot;:&quot;bounceIn&quot;}\" data-widget_type=\"image.default\">\n\t\t\t\t<div class=\"elementor-widget-container\">\n\t\t\t\t\t\t\t\t\t\t\t\t\t\t\t<img decoding=\"async\" width=\"361\" height=\"260\" data-src=\"https:\/\/portalmoderno.com.br\/new\/wp-content\/uploads\/2021\/maker\/MAKER2.JPG\" class=\"attachment-large size-large wp-image-550 lazyload\" alt=\"\" data-srcset=\"https:\/\/portalmoderno.com.br\/new\/wp-content\/uploads\/2021\/maker\/MAKER2.JPG 361w, https:\/\/portalmoderno.com.br\/new\/wp-content\/uploads\/2021\/maker\/MAKER2.JPG 300w\" data-sizes=\"(max-width: 361px) 100vw, 361px\" src=\"data:image\/svg+xml;base64,PHN2ZyB3aWR0aD0iMSIgaGVpZ2h0PSIxIiB4bWxucz0iaHR0cDovL3d3dy53My5vcmcvMjAwMC9zdmciPjwvc3ZnPg==\" style=\"--smush-placeholder-width: 361px; --smush-placeholder-aspect-ratio: 361\/260;\" \/>\t\t\t\t\t\t\t\t\t\t\t\t\t\t\t<\/div>\n\t\t\t\t<\/div>\n\t\t\t\t<div class=\"elementor-element elementor-element-71672f5 exad-sticky-section-no exad-glass-effect-no elementor-widget elementor-widget-heading\" data-id=\"71672f5\" data-element_type=\"widget\" data-e-type=\"widget\" data-widget_type=\"heading.default\">\n\t\t\t\t<div class=\"elementor-widget-container\">\n\t\t\t\t\t<h2 class=\"elementor-heading-title elementor-size-default\">O que podemos potencializar\n<\/h2>\t\t\t\t<\/div>\n\t\t\t\t<\/div>\n\t\t\t\t<div class=\"elementor-element elementor-element-0f4d913 exad-sticky-section-no exad-glass-effect-no elementor-invisible elementor-widget elementor-widget-text-editor\" data-id=\"0f4d913\" data-element_type=\"widget\" data-e-type=\"widget\" data-settings=\"{&quot;_animation&quot;:&quot;fadeInUp&quot;}\" data-widget_type=\"text-editor.default\">\n\t\t\t\t<div class=\"elementor-widget-container\">\n\t\t\t\t\t\t\t\t\t<p>Atrav\u00e9s desses \u201cespa\u00e7os do fazer\u201d, os alunos<br \/>conseguem potencializar diferentes<br \/>compet\u00eancias e habilidades, como:<br \/><strong>\uf0b7 Pensamento cr\u00edtico<\/strong><br \/><strong>\uf0b7 Criatividade<\/strong><br \/><strong>\uf0b7 Empatia<\/strong><br \/><strong>\uf0b7 Colabora\u00e7\u00e3o<\/strong><br \/><strong>\uf0b7 Autonomia<\/strong><br \/>Al\u00e9m disso, foi comprovado que os alunos que<br \/>veem a teoria e depois tem a pr\u00e1tica em<br \/>laborat\u00f3rios, como no espa\u00e7o maker,<br \/>assimilam muito mais a mat\u00e9ria, al\u00e9m dos<br \/>alunos se mostrarem muito mais engajados e<br \/>participativos pois conseguem entender<br \/>melhor e num contexto mais amplo aquele<br \/>assunto.<\/p>\t\t\t\t\t\t\t\t<\/div>\n\t\t\t\t<\/div>\n\t\t\t\t\t<\/div>\n\t\t<\/div>\n\t\t\t\t<div class=\"has_eae_slider elementor-column elementor-col-33 elementor-top-column elementor-element elementor-element-317bd73 exad-glass-effect-no exad-sticky-section-no\" data-eae-slider=\"19375\" data-id=\"317bd73\" data-element_type=\"column\" data-e-type=\"column\">\n\t\t\t<div class=\"elementor-widget-wrap elementor-element-populated\">\n\t\t\t\t\t\t<div class=\"elementor-element elementor-element-cc16b66 exad-sticky-section-no exad-glass-effect-no elementor-widget elementor-widget-heading\" data-id=\"cc16b66\" data-element_type=\"widget\" data-e-type=\"widget\" data-widget_type=\"heading.default\">\n\t\t\t\t<div class=\"elementor-widget-container\">\n\t\t\t\t\t<h2 class=\"elementor-heading-title elementor-size-default\">Para todas as idades\n<\/h2>\t\t\t\t<\/div>\n\t\t\t\t<\/div>\n\t\t\t\t<div class=\"elementor-element elementor-element-692c531 exad-sticky-section-no exad-glass-effect-no elementor-invisible elementor-widget elementor-widget-text-editor\" data-id=\"692c531\" data-element_type=\"widget\" data-e-type=\"widget\" data-settings=\"{&quot;_animation&quot;:&quot;fadeInUp&quot;}\" data-widget_type=\"text-editor.default\">\n\t\t\t\t<div class=\"elementor-widget-container\">\n\t\t\t\t\t\t\t\t\t<p>Hoje temos v\u00e1rios ambientes dentro da sala<br \/>maker, isso possibilita que consigamos<br \/>atender e envolver todas as idades, do pr\u00e9escolar ao ensino m\u00e9dio. Atividades<br \/>diversificadas, variadas e de acordo com a<br \/>s\u00e9rie\/ano que o aluno est\u00e1 inserido.<\/p>\t\t\t\t\t\t\t\t<\/div>\n\t\t\t\t<\/div>\n\t\t\t\t<div class=\"elementor-element elementor-element-d7d80ef exad-sticky-section-no exad-glass-effect-no elementor-widget elementor-widget-heading\" data-id=\"d7d80ef\" data-element_type=\"widget\" data-e-type=\"widget\" data-widget_type=\"heading.default\">\n\t\t\t\t<div class=\"elementor-widget-container\">\n\t\t\t\t\t<h2 class=\"elementor-heading-title elementor-size-default\">Competi\u00e7\u00f5es Internacionais\n<\/h2>\t\t\t\t<\/div>\n\t\t\t\t<\/div>\n\t\t\t\t<div class=\"elementor-element elementor-element-42f0584 exad-sticky-section-no exad-glass-effect-no elementor-invisible elementor-widget elementor-widget-text-editor\" data-id=\"42f0584\" data-element_type=\"widget\" data-e-type=\"widget\" data-settings=\"{&quot;_animation&quot;:&quot;fadeInUp&quot;}\" data-widget_type=\"text-editor.default\">\n\t\t\t\t<div class=\"elementor-widget-container\">\n\t\t\t\t\t\t\t\t\t<p>Com o sucesso da sala maker foi fundado um<br \/>grupo de rob\u00f3tica que se especializou em<br \/>competi\u00e7\u00f5es. Com isso, em 2019, o Col\u00e9gio<br \/>Moderno ganhou dois torneios estaduais, um<br \/>torneio nacional e conseguiu classifica\u00e7\u00e3o<br \/>para o TJR (torneio juvenil de rob\u00f3tica) a<br \/>n\u00edvel internacional na Argentina. Ratificando<br \/>ainda mais a import\u00e2ncia desse ambiente no<br \/>processo ensino aprendizado.<\/p>\t\t\t\t\t\t\t\t<\/div>\n\t\t\t\t<\/div>\n\t\t\t\t<div class=\"elementor-element elementor-element-3d1e010 exad-sticky-section-no exad-glass-effect-no elementor-invisible elementor-widget elementor-widget-image\" data-id=\"3d1e010\" data-element_type=\"widget\" data-e-type=\"widget\" data-settings=\"{&quot;_animation&quot;:&quot;bounceIn&quot;}\" data-widget_type=\"image.default\">\n\t\t\t\t<div class=\"elementor-widget-container\">\n\t\t\t\t\t\t\t\t\t\t\t\t\t\t\t<img decoding=\"async\" width=\"354\" height=\"298\" data-src=\"https:\/\/portalmoderno.com.br\/new\/wp-content\/uploads\/2021\/maker\/MAKER3.JPG\" class=\"attachment-large size-large wp-image-551 lazyload\" alt=\"\" data-srcset=\"https:\/\/portalmoderno.com.br\/new\/wp-content\/uploads\/2021\/maker\/MAKER3.JPG 354w, https:\/\/portalmoderno.com.br\/new\/wp-content\/uploads\/2021\/maker\/MAKER3.JPG 300w\" data-sizes=\"(max-width: 354px) 100vw, 354px\" src=\"data:image\/svg+xml;base64,PHN2ZyB3aWR0aD0iMSIgaGVpZ2h0PSIxIiB4bWxucz0iaHR0cDovL3d3dy53My5vcmcvMjAwMC9zdmciPjwvc3ZnPg==\" style=\"--smush-placeholder-width: 354px; --smush-placeholder-aspect-ratio: 354\/298;\" \/>\t\t\t\t\t\t\t\t\t\t\t\t\t\t\t<\/div>\n\t\t\t\t<\/div>\n\t\t\t\t\t<\/div>\n\t\t<\/div>\n\t\t\t\t<div class=\"has_eae_slider elementor-column elementor-col-33 elementor-top-column elementor-element elementor-element-8d6601b exad-glass-effect-no exad-sticky-section-no\" data-eae-slider=\"89800\" data-id=\"8d6601b\" data-element_type=\"column\" data-e-type=\"column\">\n\t\t\t<div class=\"elementor-widget-wrap elementor-element-populated\">\n\t\t\t\t\t\t<div class=\"elementor-element elementor-element-3e4cf28 exad-sticky-section-no exad-glass-effect-no elementor-widget elementor-widget-heading\" data-id=\"3e4cf28\" data-element_type=\"widget\" data-e-type=\"widget\" data-widget_type=\"heading.default\">\n\t\t\t\t<div class=\"elementor-widget-container\">\n\t\t\t\t\t<h2 class=\"elementor-heading-title elementor-size-default\">\u201cO \u00fanico limite \u00e9 a\nsua imagina\u00e7\u00e3o\u201d\n<\/h2>\t\t\t\t<\/div>\n\t\t\t\t<\/div>\n\t\t\t\t<div class=\"elementor-element elementor-element-892bded exad-sticky-section-no exad-glass-effect-no elementor-widget elementor-widget-heading\" data-id=\"892bded\" data-element_type=\"widget\" data-e-type=\"widget\" data-widget_type=\"heading.default\">\n\t\t\t\t<div class=\"elementor-widget-container\">\n\t\t\t\t\t<h2 class=\"elementor-heading-title elementor-size-default\">\n<\/h2>\t\t\t\t<\/div>\n\t\t\t\t<\/div>\n\t\t\t\t<div class=\"elementor-element elementor-element-2f5f1c6 exad-sticky-section-no exad-glass-effect-no elementor-widget elementor-widget-heading\" data-id=\"2f5f1c6\" data-element_type=\"widget\" data-e-type=\"widget\" data-widget_type=\"heading.default\">\n\t\t\t\t<div class=\"elementor-widget-container\">\n\t\t\t\t\t<h2 class=\"elementor-heading-title elementor-size-default\">Problemas reais\n<\/h2>\t\t\t\t<\/div>\n\t\t\t\t<\/div>\n\t\t\t\t<div class=\"elementor-element elementor-element-7d95ee9 exad-sticky-section-no exad-glass-effect-no elementor-invisible elementor-widget elementor-widget-text-editor\" data-id=\"7d95ee9\" data-element_type=\"widget\" data-e-type=\"widget\" data-settings=\"{&quot;_animation&quot;:&quot;fadeInUp&quot;}\" data-widget_type=\"text-editor.default\">\n\t\t\t\t<div class=\"elementor-widget-container\">\n\t\t\t\t\t\t\t\t\t<p>No espa\u00e7o maker os alunos s\u00e3o convidados a<br \/>propor solu\u00e7\u00f5es pr\u00e1ticas e inovadoras para<br \/>problemas reais do cotidiano. Nada de teoria,<br \/>aqui \u00e9 m\u00e3o na massa! Como resolver aquele<br \/>problema de falta de \u00e1gua? Quais ferramentas<br \/>temos para essa solu\u00e7\u00e3o? Precisamos de mais<br \/>coisa? Como arranjar?<br \/>Isso faz n\u00e3o apenas que o aluno seja pr\u00f3 ativo<br \/>mas tamb\u00e9m mais participativo dos problemas<br \/>da sua comunidade, do seu bairro, da sua casa,<br \/>do seu condom\u00ednio, enfim do seu meio.<\/p>\t\t\t\t\t\t\t\t<\/div>\n\t\t\t\t<\/div>\n\t\t\t\t<div class=\"elementor-element elementor-element-31811ce exad-sticky-section-no exad-glass-effect-no elementor-widget elementor-widget-heading\" data-id=\"31811ce\" data-element_type=\"widget\" data-e-type=\"widget\" data-widget_type=\"heading.default\">\n\t\t\t\t<div class=\"elementor-widget-container\">\n\t\t\t\t\t<h2 class=\"elementor-heading-title elementor-size-default\">Errar tamb\u00e9m faz parte\n<\/h2>\t\t\t\t<\/div>\n\t\t\t\t<\/div>\n\t\t\t\t<div class=\"elementor-element elementor-element-995b5da exad-sticky-section-no exad-glass-effect-no elementor-invisible elementor-widget elementor-widget-text-editor\" data-id=\"995b5da\" data-element_type=\"widget\" data-e-type=\"widget\" data-settings=\"{&quot;_animation&quot;:&quot;fadeInUp&quot;}\" data-widget_type=\"text-editor.default\">\n\t\t\t\t<div class=\"elementor-widget-container\">\n\t\t\t\t\t\t\t\t\t<p>As vezes na sociedade somos t\u00e3o cobrados que<br \/>achamos que n\u00e3o podemos errar. No espa\u00e7o<br \/>maker testar e errar fazem parte do processo,<br \/>ensinando o aluno n\u00e3o apenas a lidar com as<br \/>quedas, mas principalmente o ajudando a<br \/>criar solu\u00e7\u00f5es para resolver e melhorar.<\/p>\t\t\t\t\t\t\t\t<\/div>\n\t\t\t\t<\/div>\n\t\t\t\t\t<\/div>\n\t\t<\/div>\n\t\t\t\t\t<\/div>\n\t\t<\/section>\n\t\t\t\t<\/div>\n\t\t","protected":false},"excerpt":{"rendered":"<p>Maker Space O \u201cMaker Space\u201d ou em portugu\u00eas \u201cEspa\u00e7o doFazer\u201d \u00e9 um lugar onde os alunos podemexercitar o protagonismo por meio de ideias ecria\u00e7\u00f5es. Um lugar que oferece ferramentasdigitais, tecnol\u00f3gicas e at\u00e9 r\u00fasticas. Tudo issopara agregar o conhecimento te\u00f3rico da salade aula com a pr\u00e1tica do dia a diapossibilitando assim [&hellip;]<\/p>\n","protected":false},"author":1,"featured_media":0,"parent":0,"menu_order":0,"comment_status":"closed","ping_status":"closed","template":"elementor_canvas","meta":{"footnotes":""},"class_list":["post-540","page","type-page","status-publish","hentry"],"jetpack_sharing_enabled":true,"_links":{"self":[{"href":"https:\/\/portalmoderno.com.br\/new\/index.php\/wp-json\/wp\/v2\/pages\/540","targetHints":{"allow":["GET"]}}],"collection":[{"href":"https:\/\/portalmoderno.com.br\/new\/index.php\/wp-json\/wp\/v2\/pages"}],"about":[{"href":"https:\/\/portalmoderno.com.br\/new\/index.php\/wp-json\/wp\/v2\/types\/page"}],"author":[{"embeddable":true,"href":"https:\/\/portalmoderno.com.br\/new\/index.php\/wp-json\/wp\/v2\/users\/1"}],"replies":[{"embeddable":true,"href":"https:\/\/portalmoderno.com.br\/new\/index.php\/wp-json\/wp\/v2\/comments?post=540"}],"version-history":[{"count":9,"href":"https:\/\/portalmoderno.com.br\/new\/index.php\/wp-json\/wp\/v2\/pages\/540\/revisions"}],"predecessor-version":[{"id":1360,"href":"https:\/\/portalmoderno.com.br\/new\/index.php\/wp-json\/wp\/v2\/pages\/540\/revisions\/1360"}],"wp:attachment":[{"href":"https:\/\/portalmoderno.com.br\/new\/index.php\/wp-json\/wp\/v2\/media?parent=540"}],"curies":[{"name":"wp","href":"https:\/\/api.w.org\/{rel}","templated":true}]}}