{"id":104,"date":"2020-08-16T11:51:31","date_gmt":"2020-08-16T14:51:31","guid":{"rendered":"http:\/\/portalmoderno.com.br\/new\/?page_id=104"},"modified":"2023-02-07T12:48:17","modified_gmt":"2023-02-07T14:48:17","slug":"quem-somos","status":"publish","type":"page","link":"https:\/\/portalmoderno.com.br\/new\/index.php\/quem-somos\/","title":{"rendered":"Quem Somos"},"content":{"rendered":"\t\t<div data-elementor-type=\"wp-post\" data-elementor-id=\"104\" class=\"elementor elementor-104\">\n\t\t\t\t\t\t<section class=\"has_eae_slider elementor-section elementor-top-section elementor-element elementor-element-a8b4a61 elementor-section-full_width elementor-section-height-min-height elementor-section-content-middle elementor-section-height-default elementor-section-items-middle exad-glass-effect-no exad-sticky-section-no\" data-eae-slider=\"37639\" data-id=\"a8b4a61\" data-element_type=\"section\" data-e-type=\"section\" data-settings=\"{&quot;background_background&quot;:&quot;classic&quot;}\">\n\t\t\t\t\t\t<div class=\"elementor-container elementor-column-gap-default\">\n\t\t\t\t\t<div class=\"has_eae_slider elementor-column elementor-col-25 elementor-top-column elementor-element elementor-element-0a941fc exad-glass-effect-no exad-sticky-section-no\" data-eae-slider=\"79916\" data-id=\"0a941fc\" data-element_type=\"column\" data-e-type=\"column\">\n\t\t\t<div class=\"elementor-widget-wrap\">\n\t\t\t\t\t\t\t<\/div>\n\t\t<\/div>\n\t\t\t\t<div class=\"has_eae_slider elementor-column elementor-col-25 elementor-top-column elementor-element elementor-element-993a987 exad-glass-effect-no exad-sticky-section-no\" data-eae-slider=\"972\" data-id=\"993a987\" data-element_type=\"column\" data-e-type=\"column\">\n\t\t\t<div class=\"elementor-widget-wrap elementor-element-populated\">\n\t\t\t\t\t\t<div class=\"elementor-element elementor-element-7682ddc exad-sticky-section-no exad-glass-effect-no elementor-widget elementor-widget-heading\" data-id=\"7682ddc\" data-element_type=\"widget\" data-e-type=\"widget\" data-widget_type=\"heading.default\">\n\t\t\t\t<div class=\"elementor-widget-container\">\n\t\t\t\t\t<h2 class=\"elementor-heading-title elementor-size-default\">Quem  Somos<\/h2>\t\t\t\t<\/div>\n\t\t\t\t<\/div>\n\t\t\t\t\t<\/div>\n\t\t<\/div>\n\t\t\t\t<div class=\"has_eae_slider elementor-column elementor-col-25 elementor-top-column elementor-element elementor-element-2af2558 exad-glass-effect-no exad-sticky-section-no\" data-eae-slider=\"66815\" data-id=\"2af2558\" data-element_type=\"column\" data-e-type=\"column\">\n\t\t\t<div class=\"elementor-widget-wrap\">\n\t\t\t\t\t\t\t<\/div>\n\t\t<\/div>\n\t\t\t\t<div class=\"has_eae_slider elementor-column elementor-col-25 elementor-top-column elementor-element elementor-element-46d9443 exad-glass-effect-no exad-sticky-section-no\" data-eae-slider=\"19226\" data-id=\"46d9443\" data-element_type=\"column\" data-e-type=\"column\">\n\t\t\t<div class=\"elementor-widget-wrap\">\n\t\t\t\t\t\t\t<\/div>\n\t\t<\/div>\n\t\t\t\t\t<\/div>\n\t\t<\/section>\n\t\t\t\t<section class=\"has_eae_slider elementor-section elementor-top-section elementor-element elementor-element-4f3dd173 elementor-section-boxed elementor-section-height-default elementor-section-height-default exad-glass-effect-no exad-sticky-section-no\" data-eae-slider=\"67419\" data-id=\"4f3dd173\" data-element_type=\"section\" data-e-type=\"section\">\n\t\t\t\t\t\t<div class=\"elementor-container elementor-column-gap-default\">\n\t\t\t\t\t<div class=\"has_eae_slider elementor-column elementor-col-66 elementor-top-column elementor-element elementor-element-fe09d3e exad-glass-effect-no exad-sticky-section-no\" data-eae-slider=\"85088\" data-id=\"fe09d3e\" data-element_type=\"column\" data-e-type=\"column\">\n\t\t\t<div class=\"elementor-widget-wrap elementor-element-populated\">\n\t\t\t\t\t\t<div class=\"elementor-element elementor-element-6c55feee exad-sticky-section-no exad-glass-effect-no elementor-widget elementor-widget-text-editor\" data-id=\"6c55feee\" data-element_type=\"widget\" data-e-type=\"widget\" data-widget_type=\"text-editor.default\">\n\t\t\t\t<div class=\"elementor-widget-container\">\n\t\t\t\t\t\t\t\t\t<p>O MODERNO \u2013 Centro de Ensino, Educa\u00e7\u00e3o e Cultura \u2013 origin\u00e1rio da Escola de 1\u00ba Grau Trem da Alegria, fundada em 1986, \u00e9 uma empresa privada do ramo da educa\u00e7\u00e3o que est\u00e1 h\u00e1 mais de tr\u00eas d\u00e9cadas prestando relevantes servi\u00e7os a sociedade amapaense. \u00c9 uma Institui\u00e7\u00e3o pertencente ao Grupo MODERNO de Ensino, que atua na Educa\u00e7\u00e3o B\u00e1sica e Superior. A abrang\u00eancia desse grupo se estende da Educa\u00e7\u00e3o Infantil, ao Ensino Fundamental e Ensino M\u00e9dio, at\u00e9 a Gradua\u00e7\u00e3o e P\u00f3s-Gradua\u00e7\u00e3o.<\/p><p style=\"border: 0px; font-size: 15px; margin: 0px 0px 1.6em; outline: 0px; padding: 0px; vertical-align: baseline; font-family: Arial, sans-serif;\">Dessa forma, a empresa MODERNO \u00e9 tamb\u00e9m a institui\u00e7\u00e3o mantenedora do Instituto de Ensino Superior do Amap\u00e1-IESAP, que oferta prioritariamente, cursos nas \u00e1reas das Licenciaturas e suas respectivas P\u00f3s-Gradua\u00e7\u00f5es, nesse aspecto, dando \u00eanfase a forma\u00e7\u00e3o inicial e continuada de professores.<\/p>\t\t\t\t\t\t\t\t<\/div>\n\t\t\t\t<\/div>\n\t\t\t\t\t<\/div>\n\t\t<\/div>\n\t\t\t\t<div class=\"has_eae_slider elementor-column elementor-col-33 elementor-top-column elementor-element elementor-element-46abd7cd exad-glass-effect-no exad-sticky-section-no\" data-eae-slider=\"80185\" data-id=\"46abd7cd\" data-element_type=\"column\" data-e-type=\"column\">\n\t\t\t<div class=\"elementor-widget-wrap elementor-element-populated\">\n\t\t\t\t\t\t<div class=\"elementor-element elementor-element-b6ad5bd exad-sticky-section-no exad-glass-effect-no elementor-widget elementor-widget-video\" data-id=\"b6ad5bd\" data-element_type=\"widget\" data-e-type=\"widget\" data-settings=\"{&quot;video_type&quot;:&quot;hosted&quot;,&quot;autoplay&quot;:&quot;yes&quot;,&quot;controls&quot;:&quot;yes&quot;}\" data-widget_type=\"video.default\">\n\t\t\t\t<div class=\"elementor-widget-container\">\n\t\t\t\t\t\t\t<div class=\"e-hosted-video elementor-wrapper elementor-open-inline\">\n\t\t\t\t\t<video class=\"elementor-video\" src=\"https:\/\/portalmoderno.com.br\/new\/wp-content\/uploads\/2020\/teste\/historia.mp4\" autoplay=\"\" controls=\"\" controlsList=\"nodownload\"><\/video>\n\t\t\t\t<\/div>\n\t\t\t\t\t\t<\/div>\n\t\t\t\t<\/div>\n\t\t\t\t\t<\/div>\n\t\t<\/div>\n\t\t\t\t\t<\/div>\n\t\t<\/section>\n\t\t\t\t<section class=\"has_eae_slider elementor-section elementor-top-section elementor-element elementor-element-fef1339 elementor-section-boxed elementor-section-height-default elementor-section-height-default exad-glass-effect-no exad-sticky-section-no\" data-eae-slider=\"71463\" data-id=\"fef1339\" data-element_type=\"section\" data-e-type=\"section\">\n\t\t\t\t\t\t<div class=\"elementor-container elementor-column-gap-default\">\n\t\t\t\t\t<div class=\"has_eae_slider elementor-column elementor-col-100 elementor-top-column elementor-element elementor-element-2a84919 exad-glass-effect-no exad-sticky-section-no\" data-eae-slider=\"36439\" data-id=\"2a84919\" data-element_type=\"column\" data-e-type=\"column\">\n\t\t\t<div class=\"elementor-widget-wrap elementor-element-populated\">\n\t\t\t\t\t\t<div class=\"elementor-element elementor-element-c5826ff exad-sticky-section-no exad-glass-effect-no elementor-widget elementor-widget-text-editor\" data-id=\"c5826ff\" data-element_type=\"widget\" data-e-type=\"widget\" data-widget_type=\"text-editor.default\">\n\t\t\t\t<div class=\"elementor-widget-container\">\n\t\t\t\t\t\t\t\t\t<p>Ao longo de sua trajet\u00f3ria, o MODERNO tem se destacado no cen\u00e1rio da educa\u00e7\u00e3o amapaense, e brasileira como um todo, por ser uma escola de tradi\u00e7\u00e3o de cunho humano-social, pol\u00edtico-educacional e hist\u00f3rico-cultural, por seu desempenho na qualidade do ensino e por responder com compet\u00eancia as avalia\u00e7\u00f5es educacionais a n\u00edvel nacional e internacional.<\/p><p>A tr\u00edade escola-fam\u00edlia-sociedade, efetiva e afetiva a rela\u00e7\u00e3o professor-aluno, estrutura o ato pedag\u00f3gico decorrente e recorrente do processo ensino-aprendizagem e fortalece a a\u00e7\u00e3o educativa desta casa de ensino.<\/p><p>Continue conosco e conhe\u00e7a a nossa Miss\u00e3o, Filosofia e Proposta Pedag\u00f3gica.<\/p>\t\t\t\t\t\t\t\t<\/div>\n\t\t\t\t<\/div>\n\t\t\t\t\t<\/div>\n\t\t<\/div>\n\t\t\t\t\t<\/div>\n\t\t<\/section>\n\t\t\t\t<\/div>\n\t\t","protected":false},"excerpt":{"rendered":"<p>Quem Somos O MODERNO \u2013 Centro de Ensino, Educa\u00e7\u00e3o e Cultura \u2013 origin\u00e1rio da Escola de 1\u00ba Grau Trem da Alegria, fundada em 1986, \u00e9 uma empresa privada do ramo da educa\u00e7\u00e3o que est\u00e1 h\u00e1 mais de tr\u00eas d\u00e9cadas prestando relevantes servi\u00e7os a sociedade amapaense. \u00c9 uma Institui\u00e7\u00e3o pertencente ao [&hellip;]<\/p>\n","protected":false},"author":1,"featured_media":0,"parent":0,"menu_order":0,"comment_status":"closed","ping_status":"closed","template":"elementor_header_footer","meta":{"footnotes":""},"class_list":["post-104","page","type-page","status-publish","hentry"],"jetpack_sharing_enabled":true,"_links":{"self":[{"href":"https:\/\/portalmoderno.com.br\/new\/index.php\/wp-json\/wp\/v2\/pages\/104","targetHints":{"allow":["GET"]}}],"collection":[{"href":"https:\/\/portalmoderno.com.br\/new\/index.php\/wp-json\/wp\/v2\/pages"}],"about":[{"href":"https:\/\/portalmoderno.com.br\/new\/index.php\/wp-json\/wp\/v2\/types\/page"}],"author":[{"embeddable":true,"href":"https:\/\/portalmoderno.com.br\/new\/index.php\/wp-json\/wp\/v2\/users\/1"}],"replies":[{"embeddable":true,"href":"https:\/\/portalmoderno.com.br\/new\/index.php\/wp-json\/wp\/v2\/comments?post=104"}],"version-history":[{"count":31,"href":"https:\/\/portalmoderno.com.br\/new\/index.php\/wp-json\/wp\/v2\/pages\/104\/revisions"}],"predecessor-version":[{"id":4885,"href":"https:\/\/portalmoderno.com.br\/new\/index.php\/wp-json\/wp\/v2\/pages\/104\/revisions\/4885"}],"wp:attachment":[{"href":"https:\/\/portalmoderno.com.br\/new\/index.php\/wp-json\/wp\/v2\/media?parent=104"}],"curies":[{"name":"wp","href":"https:\/\/api.w.org\/{rel}","templated":true}]}}